{"id":14207,"date":"2026-01-28T01:54:44","date_gmt":"2026-01-28T01:54:44","guid":{"rendered":"https:\/\/excitingshop.shop\/?post_type=product&#038;p=14207"},"modified":"2026-01-28T10:20:38","modified_gmt":"2026-01-28T10:20:38","slug":"spztjk-multifunktionaler-elektrischer-schneidroboter-aus%ef%bc%8c-fleischhacker-fur-den-hausgebrauch-zerkleinerer-elektrisch%ef%bc%8czwei-schusseln%ef%bc%88edelstahls-glass%ef%bc%89und-klingen","status":"publish","type":"product","link":"https:\/\/excitingshop.shop\/de\/produkt\/spztjk-multifunktionaler-elektrischer-schneidroboter-aus%ef%bc%8c-fleischhacker-fur-den-hausgebrauch-zerkleinerer-elektrisch%ef%bc%8czwei-schusseln%ef%bc%88edelstahls-glass%ef%bc%89und-klingen\/","title":{"rendered":"SPZTJK Multifunktionaler Elektrischer Schneidroboter aus\uff0c Fleischhacker f\u00fcr den Hausgebrauch, Zerkleinerer Elektrisch\uff0czwei Sch\u00fcsseln\uff08Edelstahls &amp; Glass\uff09und klingen\uff0czum Zerkleinern und Hacken geeignet, Ideal f\u00fcr Gem\u00fcse, Knoblauch, Salat, Babynahrung"},"content":{"rendered":"<div data-elementor-type=\"product-post\" data-elementor-id=\"14207\" class=\"elementor elementor-14207\" data-elementor-post-type=\"product\">\n\t\t\t\t<div class=\"elementor-element elementor-element-44c3caaa e-flex e-con-boxed e-con e-parent\" data-id=\"44c3caaa\" data-element_type=\"container\" data-settings=\"{&quot;ekit_has_onepagescroll_dot&quot;:&quot;yes&quot;}\">\n\t\t\t\t\t<div class=\"e-con-inner\">\n\t\t<div class=\"elementor-element elementor-element-d1affff e-con-full e-flex e-con e-child\" data-id=\"d1affff\" data-element_type=\"container\" data-settings=\"{&quot;ekit_has_onepagescroll_dot&quot;:&quot;yes&quot;}\">\n\t\t\t\t<div class=\"elementor-element elementor-element-eaffb30 elementor-widget elementor-widget-video\" data-id=\"eaffb30\" data-element_type=\"widget\" data-settings=\"{&quot;video_type&quot;:&quot;hosted&quot;,&quot;controls&quot;:&quot;yes&quot;,&quot;ekit_we_effect_on&quot;:&quot;none&quot;}\" data-widget_type=\"video.default\">\n\t\t\t\t<div class=\"elementor-widget-container\">\n\t\t\t\t\t\t\t<div class=\"e-hosted-video elementor-wrapper elementor-open-inline\">\n\t\t\t\t\t<video class=\"elementor-video\" src=\"https:\/\/excitingshop.shop\/wp-content\/uploads\/2026\/01\/video_2026-01-27_23-54-15-1.mp4\" controls=\"\" preload=\"metadata\" controlslist=\"nodownload\"><\/video>\n\t\t\t\t<\/div>\n\t\t\t\t\t\t<\/div>\n\t\t\t\t<\/div>\n\t\t\t\t<div class=\"elementor-element elementor-element-1cdf5519 elementor-widget elementor-widget-image\" data-id=\"1cdf5519\" data-element_type=\"widget\" data-settings=\"{&quot;ekit_we_effect_on&quot;:&quot;none&quot;}\" data-widget_type=\"image.default\">\n\t\t\t\t<div class=\"elementor-widget-container\">\n\t\t\t\t\t\t\t\t\t\t\t\t\t\t\t<img loading=\"lazy\" decoding=\"async\" width=\"1464\" height=\"600\" src=\"https:\/\/excitingshop.shop\/wp-content\/uploads\/2026\/01\/0808d351-7989-459b-81f3-868bd86d213b.__CR001464600_PT0_SX1464_V1___-1.jpg\" class=\"attachment-full size-full wp-image-14430 wvs-archive-product-image\" alt=\"\" srcset=\"https:\/\/excitingshop.shop\/wp-content\/uploads\/2026\/01\/0808d351-7989-459b-81f3-868bd86d213b.__CR001464600_PT0_SX1464_V1___-1.jpg 1464w, https:\/\/excitingshop.shop\/wp-content\/uploads\/2026\/01\/0808d351-7989-459b-81f3-868bd86d213b.__CR001464600_PT0_SX1464_V1___-1-300x123.jpg 300w, https:\/\/excitingshop.shop\/wp-content\/uploads\/2026\/01\/0808d351-7989-459b-81f3-868bd86d213b.__CR001464600_PT0_SX1464_V1___-1-1024x420.jpg 1024w, https:\/\/excitingshop.shop\/wp-content\/uploads\/2026\/01\/0808d351-7989-459b-81f3-868bd86d213b.__CR001464600_PT0_SX1464_V1___-1-768x315.jpg 768w, https:\/\/excitingshop.shop\/wp-content\/uploads\/2026\/01\/0808d351-7989-459b-81f3-868bd86d213b.__CR001464600_PT0_SX1464_V1___-1-18x7.jpg 18w, https:\/\/excitingshop.shop\/wp-content\/uploads\/2026\/01\/0808d351-7989-459b-81f3-868bd86d213b.__CR001464600_PT0_SX1464_V1___-1-600x246.jpg 600w, https:\/\/excitingshop.shop\/wp-content\/uploads\/2026\/01\/0808d351-7989-459b-81f3-868bd86d213b.__CR001464600_PT0_SX1464_V1___-1-1x1.jpg 1w, https:\/\/excitingshop.shop\/wp-content\/uploads\/2026\/01\/0808d351-7989-459b-81f3-868bd86d213b.__CR001464600_PT0_SX1464_V1___-1-10x4.jpg 10w\" sizes=\"auto, (max-width: 1464px) 100vw, 1464px\" \/>\t\t\t\t\t\t\t\t\t\t\t\t\t\t\t<\/div>\n\t\t\t\t<\/div>\n\t\t\t\t<\/div>\n\t\t<div class=\"elementor-element elementor-element-ef1b6bb e-con-full e-flex e-con e-child\" data-id=\"ef1b6bb\" data-element_type=\"container\" data-settings=\"{&quot;ekit_has_onepagescroll_dot&quot;:&quot;yes&quot;}\">\n\t\t\t\t<div class=\"elementor-element elementor-element-731e55ec elementor-widget elementor-widget-text-editor\" data-id=\"731e55ec\" data-element_type=\"widget\" data-settings=\"{&quot;ekit_we_effect_on&quot;:&quot;none&quot;}\" data-widget_type=\"text-editor.default\">\n\t\t\t\t<div class=\"elementor-widget-container\">\n\t\t\t\t\t\t\t\t\t<!DOCTYPE html>\n<html lang=\"en\">\n<head>\n    <meta charset=\"UTF-8\">\n    <meta name=\"viewport\" content=\"width=device-width, initial-scale=1.0\">\n    <style>\n        table {\n            width: 100%;\n            border-collapse: collapse;\n        }\n        tr {\n            border-bottom: 1px solid #000;\n        }\n        td {\n            text-align: left;\n            padding: 8px 5px;\n            border: none;\n        }\n        .label {\n            font-weight: bold;\n        }\n    <\/style>\n<\/head>\n<body>\n    <table>\n        <tr>\n            <td class=\"label\">Besonderes Merkmal<\/td>\n            <td>Auswechselbare Klinge<\/td>\n        <\/tr>\n        <tr>\n            <td class=\"label\">Produkt Abmessungen<\/td>\n            <td>5.51\u2033D x 8.66\u2033W x 10.23\u2033H<\/td>\n        <\/tr>\n        <tr>\n            <td class=\"label\">Farbe<\/td>\n            <td>schwarz<\/td>\n        <\/tr>\n        <tr>\n            <td class=\"label\">Sch\u00fcssel Kapazit\u00e4t<\/td>\n            <td>8 Tassen<\/td>\n        <\/tr>\n        <tr>\n            <td class=\"label\">Empfohlene Verwendung f\u00fcr das Produkt<\/td>\n            <td>Kotelett, Hackfleisch<\/td>\n        <\/tr>\n        <tr>\n            <td class=\"label\">Anzahl der Geschwindigkeiten<\/td>\n            <td>3<\/td>\n        <\/tr>\n        <tr>\n            <td class=\"label\">Produkt-Pflegehinweise<\/td>\n            <td>Sp\u00fclmaschinenfest, Handw\u00e4sche<\/td>\n        <\/tr>\n        <tr>\n            <td class=\"label\">Enthaltene Komponenten<\/td>\n            <td>8-Tassen Edelstahl 304, 8-Tassen-Glasschale, Deckel<\/td>\n        <\/tr>\n        <tr>\n            <td class=\"label\">Modell Name<\/td>\n            <td>Elektrische Fleischw\u00f6lfe<\/td>\n        <\/tr>\n        <tr>\n            <td class=\"label\">Material der Klinge<\/td>\n            <td>Rostfreier Stahl<\/td>\n        <\/tr>\n        <tr>\n            <td class=\"label\">Stromquelle<\/td>\n            <td>Elektrisch<\/td>\n        <\/tr>\n        <tr>\n            <td class=\"label\">Herstellungsjahr<\/td>\n            <td>2025<\/td>\n        <\/tr>\n        <tr>\n            <td class=\"label\">Artikel Gewicht<\/td>\n            <td>5,79 Pfund<\/td>\n        <\/tr>\n    <\/table>\n<\/body>\n<\/html>\t\t\t\t\t\t\t\t<\/div>\n\t\t\t\t<\/div>\n\t\t\t\t<\/div>\n\t\t\t\t\t<\/div>\n\t\t\t\t<\/div>\n\t\t<div class=\"elementor-element elementor-element-19e3c87a e-flex e-con-boxed e-con e-parent\" data-id=\"19e3c87a\" data-element_type=\"container\" data-settings=\"{&quot;ekit_has_onepagescroll_dot&quot;:&quot;yes&quot;}\">\n\t\t\t\t\t<div class=\"e-con-inner\">\n\t\t\t\t<div class=\"elementor-element elementor-element-23e8a39e elementor-widget elementor-widget-image\" data-id=\"23e8a39e\" data-element_type=\"widget\" data-settings=\"{&quot;ekit_we_effect_on&quot;:&quot;none&quot;}\" data-widget_type=\"image.default\">\n\t\t\t\t<div class=\"elementor-widget-container\">\n\t\t\t\t\t\t\t\t\t\t\t\t\t\t\t<img loading=\"lazy\" decoding=\"async\" width=\"1464\" height=\"600\" src=\"https:\/\/excitingshop.shop\/wp-content\/uploads\/2026\/01\/cc564293-9e10-4d76-b9c7-962f465a02e7.__CR801601656_PT0_SX1464_V1___-3.jpg\" class=\"attachment-full size-full wp-image-14431 wvs-archive-product-image\" alt=\"\" srcset=\"https:\/\/excitingshop.shop\/wp-content\/uploads\/2026\/01\/cc564293-9e10-4d76-b9c7-962f465a02e7.__CR801601656_PT0_SX1464_V1___-3.jpg 1464w, https:\/\/excitingshop.shop\/wp-content\/uploads\/2026\/01\/cc564293-9e10-4d76-b9c7-962f465a02e7.__CR801601656_PT0_SX1464_V1___-3-300x123.jpg 300w, https:\/\/excitingshop.shop\/wp-content\/uploads\/2026\/01\/cc564293-9e10-4d76-b9c7-962f465a02e7.__CR801601656_PT0_SX1464_V1___-3-1024x420.jpg 1024w, https:\/\/excitingshop.shop\/wp-content\/uploads\/2026\/01\/cc564293-9e10-4d76-b9c7-962f465a02e7.__CR801601656_PT0_SX1464_V1___-3-768x315.jpg 768w, https:\/\/excitingshop.shop\/wp-content\/uploads\/2026\/01\/cc564293-9e10-4d76-b9c7-962f465a02e7.__CR801601656_PT0_SX1464_V1___-3-18x7.jpg 18w, https:\/\/excitingshop.shop\/wp-content\/uploads\/2026\/01\/cc564293-9e10-4d76-b9c7-962f465a02e7.__CR801601656_PT0_SX1464_V1___-3-600x246.jpg 600w, https:\/\/excitingshop.shop\/wp-content\/uploads\/2026\/01\/cc564293-9e10-4d76-b9c7-962f465a02e7.__CR801601656_PT0_SX1464_V1___-3-1x1.jpg 1w, https:\/\/excitingshop.shop\/wp-content\/uploads\/2026\/01\/cc564293-9e10-4d76-b9c7-962f465a02e7.__CR801601656_PT0_SX1464_V1___-3-10x4.jpg 10w\" sizes=\"auto, (max-width: 1464px) 100vw, 1464px\" \/>\t\t\t\t\t\t\t\t\t\t\t\t\t\t\t<\/div>\n\t\t\t\t<\/div>\n\t\t\t\t<div class=\"elementor-element elementor-element-5db60c3c elementor-widget elementor-widget-image\" data-id=\"5db60c3c\" data-element_type=\"widget\" data-settings=\"{&quot;ekit_we_effect_on&quot;:&quot;none&quot;}\" data-widget_type=\"image.default\">\n\t\t\t\t<div class=\"elementor-widget-container\">\n\t\t\t\t\t\t\t\t\t\t\t\t\t\t\t<img loading=\"lazy\" decoding=\"async\" width=\"1464\" height=\"600\" src=\"https:\/\/excitingshop.shop\/wp-content\/uploads\/2026\/01\/852c454e-58a0-4603-827f-8c20c8f956c7.__CR801601656_PT0_SX1464_V1___-1.jpg\" class=\"attachment-full size-full wp-image-14432 wvs-archive-product-image\" alt=\"\" srcset=\"https:\/\/excitingshop.shop\/wp-content\/uploads\/2026\/01\/852c454e-58a0-4603-827f-8c20c8f956c7.__CR801601656_PT0_SX1464_V1___-1.jpg 1464w, https:\/\/excitingshop.shop\/wp-content\/uploads\/2026\/01\/852c454e-58a0-4603-827f-8c20c8f956c7.__CR801601656_PT0_SX1464_V1___-1-300x123.jpg 300w, https:\/\/excitingshop.shop\/wp-content\/uploads\/2026\/01\/852c454e-58a0-4603-827f-8c20c8f956c7.__CR801601656_PT0_SX1464_V1___-1-1024x420.jpg 1024w, https:\/\/excitingshop.shop\/wp-content\/uploads\/2026\/01\/852c454e-58a0-4603-827f-8c20c8f956c7.__CR801601656_PT0_SX1464_V1___-1-768x315.jpg 768w, https:\/\/excitingshop.shop\/wp-content\/uploads\/2026\/01\/852c454e-58a0-4603-827f-8c20c8f956c7.__CR801601656_PT0_SX1464_V1___-1-18x7.jpg 18w, https:\/\/excitingshop.shop\/wp-content\/uploads\/2026\/01\/852c454e-58a0-4603-827f-8c20c8f956c7.__CR801601656_PT0_SX1464_V1___-1-600x246.jpg 600w, https:\/\/excitingshop.shop\/wp-content\/uploads\/2026\/01\/852c454e-58a0-4603-827f-8c20c8f956c7.__CR801601656_PT0_SX1464_V1___-1-1x1.jpg 1w, https:\/\/excitingshop.shop\/wp-content\/uploads\/2026\/01\/852c454e-58a0-4603-827f-8c20c8f956c7.__CR801601656_PT0_SX1464_V1___-1-10x4.jpg 10w\" sizes=\"auto, (max-width: 1464px) 100vw, 1464px\" \/>\t\t\t\t\t\t\t\t\t\t\t\t\t\t\t<\/div>\n\t\t\t\t<\/div>\n\t\t\t\t<div class=\"elementor-element elementor-element-2eab2616 elementor-widget elementor-widget-image\" data-id=\"2eab2616\" data-element_type=\"widget\" data-settings=\"{&quot;ekit_we_effect_on&quot;:&quot;none&quot;}\" data-widget_type=\"image.default\">\n\t\t\t\t<div class=\"elementor-widget-container\">\n\t\t\t\t\t\t\t\t\t\t\t\t\t\t\t<img loading=\"lazy\" decoding=\"async\" width=\"1464\" height=\"600\" src=\"https:\/\/excitingshop.shop\/wp-content\/uploads\/2026\/01\/24f3ed1e-9ce2-4c76-838f-1c191635dc99.__CR001464600_PT0_SX1464_V1___-1.jpg\" class=\"attachment-full size-full wp-image-14433 wvs-archive-product-image\" alt=\"\" srcset=\"https:\/\/excitingshop.shop\/wp-content\/uploads\/2026\/01\/24f3ed1e-9ce2-4c76-838f-1c191635dc99.__CR001464600_PT0_SX1464_V1___-1.jpg 1464w, https:\/\/excitingshop.shop\/wp-content\/uploads\/2026\/01\/24f3ed1e-9ce2-4c76-838f-1c191635dc99.__CR001464600_PT0_SX1464_V1___-1-300x123.jpg 300w, https:\/\/excitingshop.shop\/wp-content\/uploads\/2026\/01\/24f3ed1e-9ce2-4c76-838f-1c191635dc99.__CR001464600_PT0_SX1464_V1___-1-1024x420.jpg 1024w, https:\/\/excitingshop.shop\/wp-content\/uploads\/2026\/01\/24f3ed1e-9ce2-4c76-838f-1c191635dc99.__CR001464600_PT0_SX1464_V1___-1-768x315.jpg 768w, https:\/\/excitingshop.shop\/wp-content\/uploads\/2026\/01\/24f3ed1e-9ce2-4c76-838f-1c191635dc99.__CR001464600_PT0_SX1464_V1___-1-18x7.jpg 18w, https:\/\/excitingshop.shop\/wp-content\/uploads\/2026\/01\/24f3ed1e-9ce2-4c76-838f-1c191635dc99.__CR001464600_PT0_SX1464_V1___-1-600x246.jpg 600w, https:\/\/excitingshop.shop\/wp-content\/uploads\/2026\/01\/24f3ed1e-9ce2-4c76-838f-1c191635dc99.__CR001464600_PT0_SX1464_V1___-1-1x1.jpg 1w, https:\/\/excitingshop.shop\/wp-content\/uploads\/2026\/01\/24f3ed1e-9ce2-4c76-838f-1c191635dc99.__CR001464600_PT0_SX1464_V1___-1-10x4.jpg 10w\" sizes=\"auto, (max-width: 1464px) 100vw, 1464px\" \/>\t\t\t\t\t\t\t\t\t\t\t\t\t\t\t<\/div>\n\t\t\t\t<\/div>\n\t\t\t\t<div class=\"elementor-element elementor-element-31ea9232 elementor-widget elementor-widget-image\" data-id=\"31ea9232\" data-element_type=\"widget\" data-settings=\"{&quot;ekit_we_effect_on&quot;:&quot;none&quot;}\" data-widget_type=\"image.default\">\n\t\t\t\t<div class=\"elementor-widget-container\">\n\t\t\t\t\t\t\t\t\t\t\t\t\t\t\t<img loading=\"lazy\" decoding=\"async\" width=\"1464\" height=\"600\" src=\"https:\/\/excitingshop.shop\/wp-content\/uploads\/2026\/01\/f00890f8-b80a-4f0e-b2e8-ac4ce1be3b99.__CR801601656_PT0_SX1464_V1___-1.jpg\" class=\"attachment-full size-full wp-image-14434 wvs-archive-product-image\" alt=\"\" srcset=\"https:\/\/excitingshop.shop\/wp-content\/uploads\/2026\/01\/f00890f8-b80a-4f0e-b2e8-ac4ce1be3b99.__CR801601656_PT0_SX1464_V1___-1.jpg 1464w, https:\/\/excitingshop.shop\/wp-content\/uploads\/2026\/01\/f00890f8-b80a-4f0e-b2e8-ac4ce1be3b99.__CR801601656_PT0_SX1464_V1___-1-300x123.jpg 300w, https:\/\/excitingshop.shop\/wp-content\/uploads\/2026\/01\/f00890f8-b80a-4f0e-b2e8-ac4ce1be3b99.__CR801601656_PT0_SX1464_V1___-1-1024x420.jpg 1024w, https:\/\/excitingshop.shop\/wp-content\/uploads\/2026\/01\/f00890f8-b80a-4f0e-b2e8-ac4ce1be3b99.__CR801601656_PT0_SX1464_V1___-1-768x315.jpg 768w, https:\/\/excitingshop.shop\/wp-content\/uploads\/2026\/01\/f00890f8-b80a-4f0e-b2e8-ac4ce1be3b99.__CR801601656_PT0_SX1464_V1___-1-18x7.jpg 18w, https:\/\/excitingshop.shop\/wp-content\/uploads\/2026\/01\/f00890f8-b80a-4f0e-b2e8-ac4ce1be3b99.__CR801601656_PT0_SX1464_V1___-1-600x246.jpg 600w, https:\/\/excitingshop.shop\/wp-content\/uploads\/2026\/01\/f00890f8-b80a-4f0e-b2e8-ac4ce1be3b99.__CR801601656_PT0_SX1464_V1___-1-1x1.jpg 1w, https:\/\/excitingshop.shop\/wp-content\/uploads\/2026\/01\/f00890f8-b80a-4f0e-b2e8-ac4ce1be3b99.__CR801601656_PT0_SX1464_V1___-1-10x4.jpg 10w\" sizes=\"auto, (max-width: 1464px) 100vw, 1464px\" \/>\t\t\t\t\t\t\t\t\t\t\t\t\t\t\t<\/div>\n\t\t\t\t<\/div>\n\t\t\t\t<div class=\"elementor-element elementor-element-4f12c0ac elementor-widget elementor-widget-image\" data-id=\"4f12c0ac\" data-element_type=\"widget\" data-settings=\"{&quot;ekit_we_effect_on&quot;:&quot;none&quot;}\" data-widget_type=\"image.default\">\n\t\t\t\t<div class=\"elementor-widget-container\">\n\t\t\t\t\t\t\t\t\t\t\t\t\t\t\t<img loading=\"lazy\" decoding=\"async\" width=\"1464\" height=\"600\" src=\"https:\/\/excitingshop.shop\/wp-content\/uploads\/2026\/01\/f22f7347-17d1-4689-a1df-8022b89db83b.__CR0121464600_PT0_SX1464_V1___-1.jpg\" class=\"attachment-full size-full wp-image-14435 wvs-archive-product-image\" alt=\"\" srcset=\"https:\/\/excitingshop.shop\/wp-content\/uploads\/2026\/01\/f22f7347-17d1-4689-a1df-8022b89db83b.__CR0121464600_PT0_SX1464_V1___-1.jpg 1464w, https:\/\/excitingshop.shop\/wp-content\/uploads\/2026\/01\/f22f7347-17d1-4689-a1df-8022b89db83b.__CR0121464600_PT0_SX1464_V1___-1-300x123.jpg 300w, https:\/\/excitingshop.shop\/wp-content\/uploads\/2026\/01\/f22f7347-17d1-4689-a1df-8022b89db83b.__CR0121464600_PT0_SX1464_V1___-1-1024x420.jpg 1024w, https:\/\/excitingshop.shop\/wp-content\/uploads\/2026\/01\/f22f7347-17d1-4689-a1df-8022b89db83b.__CR0121464600_PT0_SX1464_V1___-1-768x315.jpg 768w, https:\/\/excitingshop.shop\/wp-content\/uploads\/2026\/01\/f22f7347-17d1-4689-a1df-8022b89db83b.__CR0121464600_PT0_SX1464_V1___-1-18x7.jpg 18w, https:\/\/excitingshop.shop\/wp-content\/uploads\/2026\/01\/f22f7347-17d1-4689-a1df-8022b89db83b.__CR0121464600_PT0_SX1464_V1___-1-600x246.jpg 600w, https:\/\/excitingshop.shop\/wp-content\/uploads\/2026\/01\/f22f7347-17d1-4689-a1df-8022b89db83b.__CR0121464600_PT0_SX1464_V1___-1-1x1.jpg 1w, https:\/\/excitingshop.shop\/wp-content\/uploads\/2026\/01\/f22f7347-17d1-4689-a1df-8022b89db83b.__CR0121464600_PT0_SX1464_V1___-1-10x4.jpg 10w\" sizes=\"auto, (max-width: 1464px) 100vw, 1464px\" \/>\t\t\t\t\t\t\t\t\t\t\t\t\t\t\t<\/div>\n\t\t\t\t<\/div>\n\t\t\t\t\t<\/div>\n\t\t\t\t<\/div>\n\t\t<div class=\"elementor-element elementor-element-5369f9 e-flex e-con-boxed e-con e-parent\" data-id=\"5369f9\" data-element_type=\"container\" data-settings=\"{&quot;ekit_has_onepagescroll_dot&quot;:&quot;yes&quot;}\">\n\t\t\t\t\t<div class=\"e-con-inner\">\n\t\t\t\t\t<\/div>\n\t\t\t\t<\/div>\n\t\t\t\t<\/div>","protected":false},"excerpt":{"rendered":"<p>\u00dcber dieses Produkt:<\/p>\n<p>Einfache Zubereitung: Sparend Zeit mit schnellem Zerkleinern, Mixen und P\u00fcrieren per Knopfdruck. Abnehmbare Klingen f\u00fcr einfache Reinigung.<\/p>\n<p>Vielseitig einsetzbar: 300W Motor f\u00fcr Fleisch, Gem\u00fcse, Obst, N\u00fcsse und Babynahrung.<\/p>\n<p>Doppelte Sch\u00fcssel: 8-Tassen Edelstahl- und Glas-Sch\u00fcssel f\u00fcr getrennte Verarbeitung.<\/p>\n<p>Sicher &amp; langlebig: Kupfermotor mit automatischer Stoppfunktion. 3 Geschwindigkeitsstufen und leiser Betrieb.<\/p>\n<p>Lebensmittelecht: Aus 304 Edelstahl und BPA-freiem Glas.<\/p>\n<p>Einfache Reinigung &amp; Aufbewahrung: Sp\u00fclmaschinengeeignete Teile, platzsparendes Design. Motor nicht untertauchen.<\/p>\n<p>Hinweis: \u00dcberhitzungsschutz - bei Abschaltung abk\u00fchlen lassen. F\u00fcr frische\/weiche Zutaten. Gefrorenes vorher abtauen.<\/p>","protected":false},"featured_media":14208,"comment_status":"open","ping_status":"closed","template":"","meta":{"_acf_changed":false},"etheme_brands":[],"product_brand":[],"product_cat":[118],"product_tag":[],"class_list":{"0":"post-14207","1":"product","2":"type-product","3":"status-publish","4":"has-post-thumbnail","6":"product_cat-sale-shop","8":"first","9":"instock","10":"sale","11":"shipping-taxable","12":"purchasable","13":"product-type-simple"},"acf":[],"_links":{"self":[{"href":"https:\/\/excitingshop.shop\/de\/wp-json\/wp\/v2\/product\/14207","targetHints":{"allow":["GET"]}}],"collection":[{"href":"https:\/\/excitingshop.shop\/de\/wp-json\/wp\/v2\/product"}],"about":[{"href":"https:\/\/excitingshop.shop\/de\/wp-json\/wp\/v2\/types\/product"}],"replies":[{"embeddable":true,"href":"https:\/\/excitingshop.shop\/de\/wp-json\/wp\/v2\/comments?post=14207"}],"version-history":[{"count":4,"href":"https:\/\/excitingshop.shop\/de\/wp-json\/wp\/v2\/product\/14207\/revisions"}],"predecessor-version":[{"id":14443,"href":"https:\/\/excitingshop.shop\/de\/wp-json\/wp\/v2\/product\/14207\/revisions\/14443"}],"wp:featuredmedia":[{"embeddable":true,"href":"https:\/\/excitingshop.shop\/de\/wp-json\/wp\/v2\/media\/14208"}],"wp:attachment":[{"href":"https:\/\/excitingshop.shop\/de\/wp-json\/wp\/v2\/media?parent=14207"}],"wp:term":[{"taxonomy":"brand","embeddable":true,"href":"https:\/\/excitingshop.shop\/de\/wp-json\/wp\/v2\/etheme_brands?post=14207"},{"taxonomy":"product_brand","embeddable":true,"href":"https:\/\/excitingshop.shop\/de\/wp-json\/wp\/v2\/product_brand?post=14207"},{"taxonomy":"product_cat","embeddable":true,"href":"https:\/\/excitingshop.shop\/de\/wp-json\/wp\/v2\/product_cat?post=14207"},{"taxonomy":"product_tag","embeddable":true,"href":"https:\/\/excitingshop.shop\/de\/wp-json\/wp\/v2\/product_tag?post=14207"}],"curies":[{"name":"wp","href":"https:\/\/api.w.org\/{rel}","templated":true}]}}